{"id":180,"date":"2016-12-20T09:51:09","date_gmt":"2016-12-20T07:51:09","guid":{"rendered":"https:\/\/ph.yhb.org.il\/fr\/?page_id=180"},"modified":"2026-01-29T13:00:07","modified_gmt":"2026-01-29T11:00:07","slug":"home","status":"publish","type":"page","link":"https:\/\/ph.yhb.org.il\/fr\/","title":{"rendered":"home"},"content":{"rendered":"\t\t<div data-elementor-type=\"wp-page\" data-elementor-id=\"180\" class=\"elementor elementor-180\" data-elementor-post-type=\"page\">\n\t\t\t\t<div class=\"elementor-element elementor-element-4265ae9 e-flex e-con-boxed e-con e-parent\" data-id=\"4265ae9\" data-element_type=\"container\" data-e-type=\"container\">\n\t\t\t\t\t<div class=\"e-con-inner\">\n\t\t<div class=\"elementor-element elementor-element-59af38c e-con-full e-flex e-con e-child\" data-id=\"59af38c\" data-element_type=\"container\" data-e-type=\"container\">\n\t\t\t\t<div class=\"elementor-element elementor-element-ec4d5ef elementor-widget elementor-widget-image\" data-id=\"ec4d5ef\" data-element_type=\"widget\" data-e-type=\"widget\" data-widget_type=\"image.default\">\n\t\t\t\t<div class=\"elementor-widget-container\">\n\t\t\t\t\t\t\t\t\t\t\t\t\t\t\t\t<a href=\"https:\/\/shop.yhb.org.il\/fr\/product\/la-tradition-juive\/\">\n\t\t\t\t\t\t\t<img fetchpriority=\"high\" decoding=\"async\" width=\"835\" height=\"165\" src=\"https:\/\/cdn1.yhb.org.il\/uploads\/sites\/5\/835X165-%D7%90%D7%AA%D7%A8-%D7%A4%D7%A0%D7%99%D7%A0%D7%99-%D7%94%D7%9C%D7%9B%D7%94.jpg\" class=\"attachment-full size-full wp-image-5221\" alt=\"Venez red\u00e9couvrir la tradition juive! - Cliquez pour commander - Nouveau\" srcset=\"https:\/\/cdn1.yhb.org.il\/uploads\/sites\/5\/835X165-%D7%90%D7%AA%D7%A8-%D7%A4%D7%A0%D7%99%D7%A0%D7%99-%D7%94%D7%9C%D7%9B%D7%94.jpg 835w, https:\/\/cdn1.yhb.org.il\/uploads\/sites\/5\/835X165-%D7%90%D7%AA%D7%A8-%D7%A4%D7%A0%D7%99%D7%A0%D7%99-%D7%94%D7%9C%D7%9B%D7%94-300x59.jpg 300w, https:\/\/cdn1.yhb.org.il\/uploads\/sites\/5\/835X165-%D7%90%D7%AA%D7%A8-%D7%A4%D7%A0%D7%99%D7%A0%D7%99-%D7%94%D7%9C%D7%9B%D7%94-768x152.jpg 768w\" sizes=\"(max-width: 835px) 100vw, 835px\" \/>\t\t\t\t\t\t\t\t<\/a>\n\t\t\t\t\t\t\t\t\t\t\t\t\t\t\t<\/div>\n\t\t\t\t<\/div>\n\t\t\t\t<div class=\"elementor-element elementor-element-0bc0746 elementor-position-top elementor-widget elementor-widget-image-box\" data-id=\"0bc0746\" data-element_type=\"widget\" data-e-type=\"widget\" data-widget_type=\"image-box.default\">\n\t\t\t\t<div class=\"elementor-widget-container\">\n\t\t\t\t\t<div class=\"elementor-image-box-wrapper\"><figure class=\"elementor-image-box-img\"><a href=\"https:\/\/ph.yhb.org.il\/fr\/category\/10\/\" tabindex=\"-1\"><img decoding=\"async\" width=\"300\" height=\"300\" src=\"https:\/\/ph.yhb.org.il\/fr\/wp-content\/uploads\/sites\/5\/2026\/01\/\u05e4\u05e0\u05d9\u05e0\u05d9-\u05d4\u05dc\u05db\u05d4-\u05d1\u05e8\u05db\u05d5\u05ea-\u05d1\u05e6\u05e8\u05e4\u05ea\u05d9\u05ea-Benedictions--300x300.png\" class=\"attachment-medium size-medium wp-image-5722\" alt=\"B\u00e9n\u00e9dictions\" srcset=\"https:\/\/ph.yhb.org.il\/fr\/wp-content\/uploads\/sites\/5\/2026\/01\/\u05e4\u05e0\u05d9\u05e0\u05d9-\u05d4\u05dc\u05db\u05d4-\u05d1\u05e8\u05db\u05d5\u05ea-\u05d1\u05e6\u05e8\u05e4\u05ea\u05d9\u05ea-Benedictions--300x300.png 300w, https:\/\/ph.yhb.org.il\/fr\/wp-content\/uploads\/sites\/5\/2026\/01\/\u05e4\u05e0\u05d9\u05e0\u05d9-\u05d4\u05dc\u05db\u05d4-\u05d1\u05e8\u05db\u05d5\u05ea-\u05d1\u05e6\u05e8\u05e4\u05ea\u05d9\u05ea-Benedictions--1024x1024.png 1024w, https:\/\/ph.yhb.org.il\/fr\/wp-content\/uploads\/sites\/5\/2026\/01\/\u05e4\u05e0\u05d9\u05e0\u05d9-\u05d4\u05dc\u05db\u05d4-\u05d1\u05e8\u05db\u05d5\u05ea-\u05d1\u05e6\u05e8\u05e4\u05ea\u05d9\u05ea-Benedictions--150x150.png 150w, https:\/\/ph.yhb.org.il\/fr\/wp-content\/uploads\/sites\/5\/2026\/01\/\u05e4\u05e0\u05d9\u05e0\u05d9-\u05d4\u05dc\u05db\u05d4-\u05d1\u05e8\u05db\u05d5\u05ea-\u05d1\u05e6\u05e8\u05e4\u05ea\u05d9\u05ea-Benedictions--768x768.png 768w, https:\/\/ph.yhb.org.il\/fr\/wp-content\/uploads\/sites\/5\/2026\/01\/\u05e4\u05e0\u05d9\u05e0\u05d9-\u05d4\u05dc\u05db\u05d4-\u05d1\u05e8\u05db\u05d5\u05ea-\u05d1\u05e6\u05e8\u05e4\u05ea\u05d9\u05ea-Benedictions-.png 1364w\" sizes=\"(max-width: 300px) 100vw, 300px\" \/><\/a><\/figure><div class=\"elementor-image-box-content\"><h3 class=\"elementor-image-box-title\"><a href=\"https:\/\/ph.yhb.org.il\/fr\/category\/10\/\"> Pnin\u00e9 Halakha - B\u00e9n\u00e9dictions<\/a><\/h3><p class=\"elementor-image-box-description\">Nouveaut\u00e9 sur le site !<\/p><\/div><\/div>\t\t\t\t<\/div>\n\t\t\t\t<\/div>\n\t\t\t\t<div class=\"elementor-element elementor-element-5e48cab elementor-widget elementor-widget-text-editor\" data-id=\"5e48cab\" data-element_type=\"widget\" data-e-type=\"widget\" id=\"ym-3hamudot\" data-widget_type=\"text-editor.default\">\n\t\t\t\t<div class=\"elementor-widget-container\">\n\t\t\t\t\t\t\t\t\t<figure id=\"attachment_232\" aria-describedby=\"caption-attachment-232\" style=\"width: 150px\" class=\"wp-caption alignleft\"><a href=\"https:\/\/ph.yhb.org.il\/fr\/category\/01\/\"><img decoding=\"async\" class=\"aligncenter size-thumbnail wp-image-2864\" src=\"https:\/\/ph.yhb.org.il\/fr\/wp-content\/uploads\/sites\/5\/2016\/12\/hadmaya-shabathA-french-150x150.jpg\" alt=\"\" width=\"150\" height=\"150\" srcset=\"https:\/\/ph.yhb.org.il\/fr\/wp-content\/uploads\/sites\/5\/2016\/12\/hadmaya-shabathA-french-150x150.jpg 150w, https:\/\/ph.yhb.org.il\/fr\/wp-content\/uploads\/sites\/5\/2016\/12\/hadmaya-shabathA-french-300x300.jpg 300w, https:\/\/ph.yhb.org.il\/fr\/wp-content\/uploads\/sites\/5\/2016\/12\/hadmaya-shabathA-french-768x768.jpg 768w, https:\/\/ph.yhb.org.il\/fr\/wp-content\/uploads\/sites\/5\/2016\/12\/hadmaya-shabathA-french-1024x1024.jpg 1024w, https:\/\/ph.yhb.org.il\/fr\/wp-content\/uploads\/sites\/5\/2016\/12\/hadmaya-shabathA-french-1200x1200.jpg 1200w, https:\/\/ph.yhb.org.il\/fr\/wp-content\/uploads\/sites\/5\/2016\/12\/hadmaya-shabathA-french.jpg 1364w\" sizes=\"(max-width: 150px) 100vw, 150px\" \/><\/a><figcaption id=\"caption-attachment-232\" class=\"wp-caption-text\">Pnin\u00e9 Halakha-<br \/>Chabbat<\/figcaption><\/figure>\n\n<figure id=\"attachment_232\" aria-describedby=\"caption-attachment-232\" style=\"width: 150px\" class=\"wp-caption alignleft\"><a href=\"https:\/\/ph.yhb.org.il\/fr\/category\/03\/\"><img loading=\"lazy\" decoding=\"async\" class=\"wp-image-232 size-thumbnail\" src=\"https:\/\/ph.yhb.org.il\/fr\/wp-content\/uploads\/sites\/5\/2016\/12\/hadmaya-tefilat-nashim-tsarfatit-150x150.jpg\" alt=\"Pnin\u00e9 Halakha- La Pri\u00e8re juive au f\u00e9minin\" width=\"150\" height=\"150\" srcset=\"https:\/\/ph.yhb.org.il\/fr\/wp-content\/uploads\/sites\/5\/2016\/12\/hadmaya-tefilat-nashim-tsarfatit-150x150.jpg 150w, https:\/\/ph.yhb.org.il\/fr\/wp-content\/uploads\/sites\/5\/2016\/12\/hadmaya-tefilat-nashim-tsarfatit-300x300.jpg 300w, https:\/\/ph.yhb.org.il\/fr\/wp-content\/uploads\/sites\/5\/2016\/12\/hadmaya-tefilat-nashim-tsarfatit-768x768.jpg 768w, https:\/\/ph.yhb.org.il\/fr\/wp-content\/uploads\/sites\/5\/2016\/12\/hadmaya-tefilat-nashim-tsarfatit-1024x1024.jpg 1024w, https:\/\/ph.yhb.org.il\/fr\/wp-content\/uploads\/sites\/5\/2016\/12\/hadmaya-tefilat-nashim-tsarfatit.jpg 1364w\" sizes=\"(max-width: 150px) 100vw, 150px\" \/><\/a><figcaption id=\"caption-attachment-232\" class=\"wp-caption-text\">Pnin\u00e9 Halakha-<br \/>La Pri\u00e8re juive au f\u00e9minin<\/figcaption><\/figure>\n\n<figure id=\"attachment_231\" aria-describedby=\"caption-attachment-231\" style=\"width: 150px\" class=\"wp-caption alignleft\"><a href=\"https:\/\/ph.yhb.org.il\/fr\/category\/02\/\"><img loading=\"lazy\" decoding=\"async\" class=\"wp-image-231 size-thumbnail\" src=\"https:\/\/ph.yhb.org.il\/fr\/wp-content\/uploads\/sites\/5\/2019\/04\/%D7%AA%D7%A4%D7%99%D7%9C%D7%94-%D7%97%D7%93%D7%A9-%D7%91%D7%A6%D7%A8%D7%A4%D7%AA%D7%99%D7%AA-1-150x150.png\" alt=\"Pnin\u00e9 Halakha- La pri\u00e8re d\u2019Isra\u00ebl\" width=\"150\" height=\"150\" \/><\/a><figcaption id=\"caption-attachment-231\" class=\"wp-caption-text\">Pnin\u00e9 Halakha-<br \/>La Pri\u00e8re<\/figcaption><\/figure>\n\n<figure id=\"attachment_232\" aria-describedby=\"caption-attachment-232\" style=\"width: 150px\" class=\"wp-caption alignleft\"><a href=\"https:\/\/ph.yhb.org.il\/fr\/category\/15\/\"><img loading=\"lazy\" decoding=\"async\" class=\"aligncenter size-thumbnail wp-image-2867\" src=\"https:\/\/ph.yhb.org.il\/fr\/wp-content\/uploads\/sites\/5\/2016\/12\/\u05e6\u05e8\u05e4\u05ea\u05d9\u05ea01-150x150.jpg\" alt=\"\" width=\"150\" height=\"150\" srcset=\"https:\/\/ph.yhb.org.il\/fr\/wp-content\/uploads\/sites\/5\/2016\/12\/\u05e6\u05e8\u05e4\u05ea\u05d9\u05ea01-150x150.jpg 150w, https:\/\/ph.yhb.org.il\/fr\/wp-content\/uploads\/sites\/5\/2016\/12\/\u05e6\u05e8\u05e4\u05ea\u05d9\u05ea01-300x300.jpg 300w, https:\/\/ph.yhb.org.il\/fr\/wp-content\/uploads\/sites\/5\/2016\/12\/\u05e6\u05e8\u05e4\u05ea\u05d9\u05ea01-768x768.jpg 768w, https:\/\/ph.yhb.org.il\/fr\/wp-content\/uploads\/sites\/5\/2016\/12\/\u05e6\u05e8\u05e4\u05ea\u05d9\u05ea01-1024x1024.jpg 1024w, https:\/\/ph.yhb.org.il\/fr\/wp-content\/uploads\/sites\/5\/2016\/12\/\u05e6\u05e8\u05e4\u05ea\u05d9\u05ea01-1200x1200.jpg 1200w, https:\/\/ph.yhb.org.il\/fr\/wp-content\/uploads\/sites\/5\/2016\/12\/\u05e6\u05e8\u05e4\u05ea\u05d9\u05ea01.jpg 1364w\" sizes=\"(max-width: 150px) 100vw, 150px\" \/><\/a><figcaption id=\"caption-attachment-232\" class=\"wp-caption-text\">Pnin\u00e9 Halakha-<br \/>Les Jours redoutables<\/figcaption><\/figure>\n\n<figure id=\"attachment_232\" aria-describedby=\"caption-attachment-232\" style=\"width: 150px\" class=\"wp-caption alignleft\"><a href=\"https:\/\/ph.yhb.org.il\/fr\/category\/05\/\"><img loading=\"lazy\" decoding=\"async\" class=\"aligncenter size-thumbnail wp-image-2868\" src=\"https:\/\/ph.yhb.org.il\/fr\/wp-content\/uploads\/sites\/5\/2016\/12\/\u05e6\u05e8\u05e4\u05ea\u05d9\u05ea-02-150x150.jpg\" alt=\"\" width=\"150\" height=\"150\" srcset=\"https:\/\/ph.yhb.org.il\/fr\/wp-content\/uploads\/sites\/5\/2016\/12\/\u05e6\u05e8\u05e4\u05ea\u05d9\u05ea-02-150x150.jpg 150w, https:\/\/ph.yhb.org.il\/fr\/wp-content\/uploads\/sites\/5\/2016\/12\/\u05e6\u05e8\u05e4\u05ea\u05d9\u05ea-02-300x300.jpg 300w, https:\/\/ph.yhb.org.il\/fr\/wp-content\/uploads\/sites\/5\/2016\/12\/\u05e6\u05e8\u05e4\u05ea\u05d9\u05ea-02-768x768.jpg 768w, https:\/\/ph.yhb.org.il\/fr\/wp-content\/uploads\/sites\/5\/2016\/12\/\u05e6\u05e8\u05e4\u05ea\u05d9\u05ea-02-1024x1024.jpg 1024w, https:\/\/ph.yhb.org.il\/fr\/wp-content\/uploads\/sites\/5\/2016\/12\/\u05e6\u05e8\u05e4\u05ea\u05d9\u05ea-02-1200x1200.jpg 1200w, https:\/\/ph.yhb.org.il\/fr\/wp-content\/uploads\/sites\/5\/2016\/12\/\u05e6\u05e8\u05e4\u05ea\u05d9\u05ea-02.jpg 1364w\" sizes=\"(max-width: 150px) 100vw, 150px\" \/><\/a><figcaption id=\"caption-attachment-232\" class=\"wp-caption-text\">Pnin\u00e9 Halakha-<br \/>Zemanim<\/figcaption><\/figure>\n\n<figure id=\"attachment_232\" aria-describedby=\"caption-attachment-232\" style=\"width: 150px\" class=\"wp-caption alignleft\"><a href=\"https:\/\/ph.yhb.org.il\/fr\/category\/04\/\"><img loading=\"lazy\" decoding=\"async\" class=\"aligncenter size-thumbnail wp-image-2866\" src=\"https:\/\/ph.yhb.org.il\/fr\/wp-content\/uploads\/sites\/5\/2016\/12\/\u05e6\u05e8\u05e4\u05ea\u05d9\u05ea-03-150x150.jpg\" alt=\"\" width=\"150\" height=\"150\" srcset=\"https:\/\/ph.yhb.org.il\/fr\/wp-content\/uploads\/sites\/5\/2016\/12\/\u05e6\u05e8\u05e4\u05ea\u05d9\u05ea-03-150x150.jpg 150w, https:\/\/ph.yhb.org.il\/fr\/wp-content\/uploads\/sites\/5\/2016\/12\/\u05e6\u05e8\u05e4\u05ea\u05d9\u05ea-03-300x300.jpg 300w, https:\/\/ph.yhb.org.il\/fr\/wp-content\/uploads\/sites\/5\/2016\/12\/\u05e6\u05e8\u05e4\u05ea\u05d9\u05ea-03-768x768.jpg 768w, https:\/\/ph.yhb.org.il\/fr\/wp-content\/uploads\/sites\/5\/2016\/12\/\u05e6\u05e8\u05e4\u05ea\u05d9\u05ea-03-1024x1024.jpg 1024w, https:\/\/ph.yhb.org.il\/fr\/wp-content\/uploads\/sites\/5\/2016\/12\/\u05e6\u05e8\u05e4\u05ea\u05d9\u05ea-03-1200x1200.jpg 1200w, https:\/\/ph.yhb.org.il\/fr\/wp-content\/uploads\/sites\/5\/2016\/12\/\u05e6\u05e8\u05e4\u05ea\u05d9\u05ea-03.jpg 1364w\" sizes=\"(max-width: 150px) 100vw, 150px\" \/><\/a><figcaption id=\"caption-attachment-232\" class=\"wp-caption-text\">Pnin\u00e9 Halakha-<br \/>Pessa\u2019h<\/figcaption><\/figure>\n\n<figure id=\"attachment_4141\" aria-describedby=\"caption-attachment-4141\" style=\"width: 150px\" class=\"wp-caption alignleft\"><a href=\"https:\/\/ph.yhb.org.il\/fr\/category\/14\/\"><img loading=\"lazy\" decoding=\"async\" class=\"wp-image-4141 size-thumbnail\" src=\"https:\/\/ph.yhb.org.il\/fr\/wp-content\/uploads\/sites\/5\/2020\/02\/\u05e9\u05de\u05d7\u05ea-\u05d4\u05d1\u05d9\u05ea-\u05e6\u05e8\u05e4\u05ea\u05d9\u05ea-1-150x150.jpg\" alt=\"\" width=\"150\" height=\"150\" \/><\/a><figcaption id=\"caption-attachment-4141\" class=\"wp-caption-text\">Pnin\u00e9 Halakha-<br \/>Joie et b\u00e9n\u00e9diction du foyer<\/figcaption><\/figure>\n\n<figure id=\"attachment_4141\" aria-describedby=\"caption-attachment-4141\" style=\"width: 150px\" class=\"wp-caption alignleft\"><a href=\"https:\/\/ph.yhb.org.il\/fr\/category\/12\/\"><img loading=\"lazy\" decoding=\"async\" class=\"alignleft size-thumbnail wp-image-5068\" src=\"https:\/\/cdn1.yhb.org.il\/uploads\/sites\/5\/moadim_french_mock-1-150x150.jpg\" alt=\"\" width=\"150\" height=\"150\" \/><\/a><figcaption id=\"caption-attachment-4141\" class=\"wp-caption-text\">Pnin\u00e9 Halakha-<br \/>Mo\u2019adim<\/figcaption><\/figure>\n\n<figure id=\"attachment_5068\" aria-describedby=\"caption-attachment-5068\" style=\"width: 150px\" class=\"wp-caption alignleft\"><a href=\"https:\/\/ph.yhb.org.il\/fr\/category\/13\/\"><img loading=\"lazy\" decoding=\"async\" class=\"wp-image-5068 size-thumbnail\" src=\"https:\/\/cdn1.yhb.org.il\/uploads\/sites\/5\/moadim_french_mock-1-150x150.jpg\" alt=\"\" width=\"150\" height=\"150\" \/><\/a><figcaption id=\"caption-attachment-5068\" class=\"wp-caption-text\">Pnin\u00e9 Halakha-<br \/>Soukot<\/figcaption><\/figure>\t\t\t\t\t\t\t\t<\/div>\n\t\t\t\t<\/div>\n\t\t\t\t<div class=\"elementor-element elementor-element-69efbc0 elementor-widget elementor-widget-spacer\" data-id=\"69efbc0\" data-element_type=\"widget\" data-e-type=\"widget\" data-widget_type=\"spacer.default\">\n\t\t\t\t<div class=\"elementor-widget-container\">\n\t\t\t\t\t\t\t<div class=\"elementor-spacer\">\n\t\t\t<div class=\"elementor-spacer-inner\"><\/div>\n\t\t<\/div>\n\t\t\t\t\t\t<\/div>\n\t\t\t\t<\/div>\n\t\t\t\t<\/div>\n\t\t\t\t\t<\/div>\n\t\t\t\t<\/div>\n\t\t\t\t<section class=\"elementor-section elementor-top-section elementor-element elementor-element-79c8838 elementor-section-boxed elementor-section-height-default elementor-section-height-default\" data-id=\"79c8838\" data-element_type=\"section\" data-e-type=\"section\">\n\t\t\t\t\t\t<div class=\"elementor-container elementor-column-gap-default\">\n\t\t\t\t\t<div class=\"elementor-column elementor-col-100 elementor-top-column elementor-element elementor-element-c4a6c77\" data-id=\"c4a6c77\" data-element_type=\"column\" data-e-type=\"column\">\n\t\t\t<div class=\"elementor-widget-wrap elementor-element-populated\">\n\t\t\t\t\t\t<div class=\"elementor-element elementor-element-18c70bf elementor-widget elementor-widget-heading\" data-id=\"18c70bf\" data-element_type=\"widget\" data-e-type=\"widget\" data-widget_type=\"heading.default\">\n\t\t\t\t<div class=\"elementor-widget-container\">\n\t\t\t\t\t<h2 class=\"elementor-heading-title elementor-size-default\">Pnin\u00e9 Halakha Application<\/h2>\t\t\t\t<\/div>\n\t\t\t\t<\/div>\n\t\t\t\t<section class=\"elementor-section elementor-inner-section elementor-element elementor-element-861ae67 elementor-section-boxed elementor-section-height-default elementor-section-height-default\" data-id=\"861ae67\" data-element_type=\"section\" data-e-type=\"section\">\n\t\t\t\t\t\t<div class=\"elementor-container elementor-column-gap-default\">\n\t\t\t\t\t<div class=\"elementor-column elementor-col-50 elementor-inner-column elementor-element elementor-element-87c65bd\" data-id=\"87c65bd\" data-element_type=\"column\" data-e-type=\"column\">\n\t\t\t<div class=\"elementor-widget-wrap elementor-element-populated\">\n\t\t\t\t\t\t<div class=\"elementor-element elementor-element-1fab3af elementor-view-default elementor-position-block-start elementor-mobile-position-block-start elementor-widget elementor-widget-icon-box\" data-id=\"1fab3af\" data-element_type=\"widget\" data-e-type=\"widget\" data-widget_type=\"icon-box.default\">\n\t\t\t\t<div class=\"elementor-widget-container\">\n\t\t\t\t\t\t\t<div class=\"elementor-icon-box-wrapper\">\n\n\t\t\t\t\t\t<div class=\"elementor-icon-box-icon\">\n\t\t\t\t<a href=\"https:\/\/apps.apple.com\/il\/app\/%D7%A4%D7%A0%D7%99%D7%A0%D7%99-%D7%94%D7%9C%D7%9B%D7%94-pniney-halach\/id450765387\" class=\"elementor-icon\" tabindex=\"-1\" aria-label=\" Iphone\">\n\t\t\t\t<svg aria-hidden=\"true\" class=\"e-font-icon-svg e-fab-app-store\" viewBox=\"0 0 512 512\" xmlns=\"http:\/\/www.w3.org\/2000\/svg\"><path d=\"M255.9 120.9l9.1-15.7c5.6-9.8 18.1-13.1 27.9-7.5 9.8 5.6 13.1 18.1 7.5 27.9l-87.5 151.5h63.3c20.5 0 32 24.1 23.1 40.8H113.8c-11.3 0-20.4-9.1-20.4-20.4 0-11.3 9.1-20.4 20.4-20.4h52l66.6-115.4-20.8-36.1c-5.6-9.8-2.3-22.2 7.5-27.9 9.8-5.6 22.2-2.3 27.9 7.5l8.9 15.7zm-78.7 218l-19.6 34c-5.6 9.8-18.1 13.1-27.9 7.5-9.8-5.6-13.1-18.1-7.5-27.9l14.6-25.2c16.4-5.1 29.8-1.2 40.4 11.6zm168.9-61.7h53.1c11.3 0 20.4 9.1 20.4 20.4 0 11.3-9.1 20.4-20.4 20.4h-29.5l19.9 34.5c5.6 9.8 2.3 22.2-7.5 27.9-9.8 5.6-22.2 2.3-27.9-7.5-33.5-58.1-58.7-101.6-75.4-130.6-17.1-29.5-4.9-59.1 7.2-69.1 13.4 23 33.4 57.7 60.1 104zM256 8C119 8 8 119 8 256s111 248 248 248 248-111 248-248S393 8 256 8zm216 248c0 118.7-96.1 216-216 216-118.7 0-216-96.1-216-216 0-118.7 96.1-216 216-216 118.7 0 216 96.1 216 216z\"><\/path><\/svg>\t\t\t\t<\/a>\n\t\t\t<\/div>\n\t\t\t\n\t\t\t\t\t\t<div class=\"elementor-icon-box-content\">\n\n\t\t\t\t\t\t\t\t\t<h3 class=\"elementor-icon-box-title\">\n\t\t\t\t\t\t<a href=\"https:\/\/apps.apple.com\/il\/app\/%D7%A4%D7%A0%D7%99%D7%A0%D7%99-%D7%94%D7%9C%D7%9B%D7%94-pniney-halach\/id450765387\" >\n\t\t\t\t\t\t\t Iphone\t\t\t\t\t\t<\/a>\n\t\t\t\t\t<\/h3>\n\t\t\t\t\n\t\t\t\t\n\t\t\t<\/div>\n\t\t\t\n\t\t<\/div>\n\t\t\t\t\t\t<\/div>\n\t\t\t\t<\/div>\n\t\t\t\t\t<\/div>\n\t\t<\/div>\n\t\t\t\t<div class=\"elementor-column elementor-col-50 elementor-inner-column elementor-element elementor-element-9c46845\" data-id=\"9c46845\" data-element_type=\"column\" data-e-type=\"column\">\n\t\t\t<div class=\"elementor-widget-wrap elementor-element-populated\">\n\t\t\t\t\t\t<div class=\"elementor-element elementor-element-7d87cc3 elementor-view-default elementor-position-block-start elementor-mobile-position-block-start elementor-widget elementor-widget-icon-box\" data-id=\"7d87cc3\" data-element_type=\"widget\" data-e-type=\"widget\" data-widget_type=\"icon-box.default\">\n\t\t\t\t<div class=\"elementor-widget-container\">\n\t\t\t\t\t\t\t<div class=\"elementor-icon-box-wrapper\">\n\n\t\t\t\t\t\t<div class=\"elementor-icon-box-icon\">\n\t\t\t\t<a href=\"https:\/\/play.google.com\/store\/apps\/details?id=com.rafraph.pnineyHalachaHashalem\" class=\"elementor-icon\" tabindex=\"-1\" aria-label=\" android\">\n\t\t\t\t<svg aria-hidden=\"true\" class=\"e-font-icon-svg e-fab-google-play\" viewBox=\"0 0 512 512\" xmlns=\"http:\/\/www.w3.org\/2000\/svg\"><path d=\"M325.3 234.3L104.6 13l280.8 161.2-60.1 60.1zM47 0C34 6.8 25.3 19.2 25.3 35.3v441.3c0 16.1 8.7 28.5 21.7 35.3l256.6-256L47 0zm425.2 225.6l-58.9-34.1-65.7 64.5 65.7 64.5 60.1-34.1c18-14.3 18-46.5-1.2-60.8zM104.6 499l280.8-161.2-60.1-60.1L104.6 499z\"><\/path><\/svg>\t\t\t\t<\/a>\n\t\t\t<\/div>\n\t\t\t\n\t\t\t\t\t\t<div class=\"elementor-icon-box-content\">\n\n\t\t\t\t\t\t\t\t\t<h3 class=\"elementor-icon-box-title\">\n\t\t\t\t\t\t<a href=\"https:\/\/play.google.com\/store\/apps\/details?id=com.rafraph.pnineyHalachaHashalem\" >\n\t\t\t\t\t\t\t android\t\t\t\t\t\t<\/a>\n\t\t\t\t\t<\/h3>\n\t\t\t\t\n\t\t\t\t\n\t\t\t<\/div>\n\t\t\t\n\t\t<\/div>\n\t\t\t\t\t\t<\/div>\n\t\t\t\t<\/div>\n\t\t\t\t\t<\/div>\n\t\t<\/div>\n\t\t\t\t\t<\/div>\n\t\t<\/section>\n\t\t\t\t\t<\/div>\n\t\t<\/div>\n\t\t\t\t\t<\/div>\n\t\t<\/section>\n\t\t\t\t<\/div>\n\t\t","protected":false},"excerpt":{"rendered":"<p>Pnin\u00e9 Halakha &#8211; B\u00e9n\u00e9dictions Nouveaut\u00e9 sur le site ! Pnin\u00e9 Halakha Application Iphone android<\/p>\n","protected":false},"author":1,"featured_media":0,"parent":0,"menu_order":0,"comment_status":"closed","ping_status":"closed","template":"","meta":{"footnotes":""},"class_list":["post-180","page","type-page","status-publish","hentry"],"yoast_head":"<!-- This site is optimized with the Yoast SEO plugin v27.6 - https:\/\/yoast.com\/product\/yoast-seo-wordpress\/ -->\n<title>home - Pnin\u00e9 Halakha<\/title>\n<meta name=\"robots\" content=\"index, follow, max-snippet:-1, max-image-preview:large, max-video-preview:-1\" \/>\n<link rel=\"canonical\" href=\"https:\/\/ph.yhb.org.il\/fr\/\" \/>\n<meta property=\"og:locale\" content=\"fr_FR\" \/>\n<meta property=\"og:type\" content=\"article\" \/>\n<meta property=\"og:title\" content=\"home - Pnin\u00e9 Halakha\" \/>\n<meta property=\"og:description\" content=\"Pnin\u00e9 Halakha &#8211; B\u00e9n\u00e9dictions Nouveaut\u00e9 sur le site ! Pnin\u00e9 Halakha Application Iphone android\" \/>\n<meta property=\"og:url\" content=\"https:\/\/ph.yhb.org.il\/fr\/\" \/>\n<meta property=\"og:site_name\" content=\"Pnin\u00e9 Halakha\" \/>\n<meta property=\"article:modified_time\" content=\"2026-01-29T11:00:07+00:00\" \/>\n<meta property=\"og:image\" content=\"https:\/\/ph.yhb.org.il\/fr\/wp-content\/uploads\/sites\/5\/2016\/12\/hadmaya-shabathA-french-150x150.jpg\" \/>\n<meta name=\"twitter:card\" content=\"summary_large_image\" \/>\n<meta name=\"twitter:label1\" content=\"Dur\u00e9e de lecture estim\u00e9e\" \/>\n\t<meta name=\"twitter:data1\" content=\"3 minutes\" \/>\n<script type=\"application\/ld+json\" class=\"yoast-schema-graph\">{\"@context\":\"https:\\\/\\\/schema.org\",\"@graph\":[{\"@type\":\"WebPage\",\"@id\":\"https:\\\/\\\/ph.yhb.org.il\\\/fr\\\/\",\"url\":\"https:\\\/\\\/ph.yhb.org.il\\\/fr\\\/\",\"name\":\"home - Pnin\u00e9 Halakha\",\"isPartOf\":{\"@id\":\"https:\\\/\\\/ph.yhb.org.il\\\/fr\\\/#website\"},\"primaryImageOfPage\":{\"@id\":\"https:\\\/\\\/ph.yhb.org.il\\\/fr\\\/#primaryimage\"},\"image\":{\"@id\":\"https:\\\/\\\/ph.yhb.org.il\\\/fr\\\/#primaryimage\"},\"thumbnailUrl\":\"https:\\\/\\\/ph.yhb.org.il\\\/fr\\\/wp-content\\\/uploads\\\/sites\\\/5\\\/2016\\\/12\\\/hadmaya-shabathA-french-150x150.jpg\",\"datePublished\":\"2016-12-20T07:51:09+00:00\",\"dateModified\":\"2026-01-29T11:00:07+00:00\",\"breadcrumb\":{\"@id\":\"https:\\\/\\\/ph.yhb.org.il\\\/fr\\\/#breadcrumb\"},\"inLanguage\":\"fr-FR\",\"potentialAction\":[{\"@type\":\"ReadAction\",\"target\":[\"https:\\\/\\\/ph.yhb.org.il\\\/fr\\\/\"]}]},{\"@type\":\"ImageObject\",\"inLanguage\":\"fr-FR\",\"@id\":\"https:\\\/\\\/ph.yhb.org.il\\\/fr\\\/#primaryimage\",\"url\":\"https:\\\/\\\/ph.yhb.org.il\\\/fr\\\/wp-content\\\/uploads\\\/sites\\\/5\\\/2016\\\/12\\\/hadmaya-shabathA-french.jpg\",\"contentUrl\":\"https:\\\/\\\/ph.yhb.org.il\\\/fr\\\/wp-content\\\/uploads\\\/sites\\\/5\\\/2016\\\/12\\\/hadmaya-shabathA-french.jpg\",\"width\":1364,\"height\":1364},{\"@type\":\"BreadcrumbList\",\"@id\":\"https:\\\/\\\/ph.yhb.org.il\\\/fr\\\/#breadcrumb\",\"itemListElement\":[{\"@type\":\"ListItem\",\"position\":1,\"name\":\"\u05d3\u05e3 \u05d4\u05d1\u05d9\u05ea\",\"item\":\"https:\\\/\\\/ph.yhb.org.il\\\/fr\\\/\"},{\"@type\":\"ListItem\",\"position\":2,\"name\":\"home\"}]},{\"@type\":\"WebSite\",\"@id\":\"https:\\\/\\\/ph.yhb.org.il\\\/fr\\\/#website\",\"url\":\"https:\\\/\\\/ph.yhb.org.il\\\/fr\\\/\",\"name\":\"Pnin\u00e9 Halakha\",\"description\":\"Rav Eli\u00e9zer Melamed\",\"potentialAction\":[{\"@type\":\"SearchAction\",\"target\":{\"@type\":\"EntryPoint\",\"urlTemplate\":\"https:\\\/\\\/ph.yhb.org.il\\\/fr\\\/?s={search_term_string}\"},\"query-input\":{\"@type\":\"PropertyValueSpecification\",\"valueRequired\":true,\"valueName\":\"search_term_string\"}}],\"inLanguage\":\"fr-FR\"}]}<\/script>\n<!-- \/ Yoast SEO plugin. -->","yoast_head_json":{"title":"home - Pnin\u00e9 Halakha","robots":{"index":"index","follow":"follow","max-snippet":"max-snippet:-1","max-image-preview":"max-image-preview:large","max-video-preview":"max-video-preview:-1"},"canonical":"https:\/\/ph.yhb.org.il\/fr\/","og_locale":"fr_FR","og_type":"article","og_title":"home - Pnin\u00e9 Halakha","og_description":"Pnin\u00e9 Halakha &#8211; B\u00e9n\u00e9dictions Nouveaut\u00e9 sur le site ! Pnin\u00e9 Halakha Application Iphone android","og_url":"https:\/\/ph.yhb.org.il\/fr\/","og_site_name":"Pnin\u00e9 Halakha","article_modified_time":"2026-01-29T11:00:07+00:00","og_image":[{"url":"https:\/\/ph.yhb.org.il\/fr\/wp-content\/uploads\/sites\/5\/2016\/12\/hadmaya-shabathA-french-150x150.jpg","type":"","width":"","height":""}],"twitter_card":"summary_large_image","twitter_misc":{"Dur\u00e9e de lecture estim\u00e9e":"3 minutes"},"schema":{"@context":"https:\/\/schema.org","@graph":[{"@type":"WebPage","@id":"https:\/\/ph.yhb.org.il\/fr\/","url":"https:\/\/ph.yhb.org.il\/fr\/","name":"home - Pnin\u00e9 Halakha","isPartOf":{"@id":"https:\/\/ph.yhb.org.il\/fr\/#website"},"primaryImageOfPage":{"@id":"https:\/\/ph.yhb.org.il\/fr\/#primaryimage"},"image":{"@id":"https:\/\/ph.yhb.org.il\/fr\/#primaryimage"},"thumbnailUrl":"https:\/\/ph.yhb.org.il\/fr\/wp-content\/uploads\/sites\/5\/2016\/12\/hadmaya-shabathA-french-150x150.jpg","datePublished":"2016-12-20T07:51:09+00:00","dateModified":"2026-01-29T11:00:07+00:00","breadcrumb":{"@id":"https:\/\/ph.yhb.org.il\/fr\/#breadcrumb"},"inLanguage":"fr-FR","potentialAction":[{"@type":"ReadAction","target":["https:\/\/ph.yhb.org.il\/fr\/"]}]},{"@type":"ImageObject","inLanguage":"fr-FR","@id":"https:\/\/ph.yhb.org.il\/fr\/#primaryimage","url":"https:\/\/ph.yhb.org.il\/fr\/wp-content\/uploads\/sites\/5\/2016\/12\/hadmaya-shabathA-french.jpg","contentUrl":"https:\/\/ph.yhb.org.il\/fr\/wp-content\/uploads\/sites\/5\/2016\/12\/hadmaya-shabathA-french.jpg","width":1364,"height":1364},{"@type":"BreadcrumbList","@id":"https:\/\/ph.yhb.org.il\/fr\/#breadcrumb","itemListElement":[{"@type":"ListItem","position":1,"name":"\u05d3\u05e3 \u05d4\u05d1\u05d9\u05ea","item":"https:\/\/ph.yhb.org.il\/fr\/"},{"@type":"ListItem","position":2,"name":"home"}]},{"@type":"WebSite","@id":"https:\/\/ph.yhb.org.il\/fr\/#website","url":"https:\/\/ph.yhb.org.il\/fr\/","name":"Pnin\u00e9 Halakha","description":"Rav Eli\u00e9zer Melamed","potentialAction":[{"@type":"SearchAction","target":{"@type":"EntryPoint","urlTemplate":"https:\/\/ph.yhb.org.il\/fr\/?s={search_term_string}"},"query-input":{"@type":"PropertyValueSpecification","valueRequired":true,"valueName":"search_term_string"}}],"inLanguage":"fr-FR"}]}},"_links":{"self":[{"href":"https:\/\/ph.yhb.org.il\/fr\/wp-json\/wp\/v2\/pages\/180","targetHints":{"allow":["GET"]}}],"collection":[{"href":"https:\/\/ph.yhb.org.il\/fr\/wp-json\/wp\/v2\/pages"}],"about":[{"href":"https:\/\/ph.yhb.org.il\/fr\/wp-json\/wp\/v2\/types\/page"}],"author":[{"embeddable":true,"href":"https:\/\/ph.yhb.org.il\/fr\/wp-json\/wp\/v2\/users\/1"}],"replies":[{"embeddable":true,"href":"https:\/\/ph.yhb.org.il\/fr\/wp-json\/wp\/v2\/comments?post=180"}],"version-history":[{"count":9,"href":"https:\/\/ph.yhb.org.il\/fr\/wp-json\/wp\/v2\/pages\/180\/revisions"}],"predecessor-version":[{"id":5732,"href":"https:\/\/ph.yhb.org.il\/fr\/wp-json\/wp\/v2\/pages\/180\/revisions\/5732"}],"wp:attachment":[{"href":"https:\/\/ph.yhb.org.il\/fr\/wp-json\/wp\/v2\/media?parent=180"}],"curies":[{"name":"wp","href":"https:\/\/api.w.org\/{rel}","templated":true}]}}